{"id":599,"date":"2019-11-12T22:28:50","date_gmt":"2019-11-12T22:28:50","guid":{"rendered":"http:\/\/demos.reytheme.com\/stockholm\/?page_id=599"},"modified":"2022-07-13T15:03:35","modified_gmt":"2022-07-13T15:03:35","slug":"ameliyatlar","status":"publish","type":"page","link":"https:\/\/alialperbayram.com\/en\/ameliyatlar\/","title":{"rendered":"Surgeries"},"content":{"rendered":"<div data-elementor-type=\"wp-page\" data-elementor-id=\"599\" class=\"elementor elementor-599\">\n\t\t\t\t\t\t\t\t\t<section class=\"elementor-section elementor-top-section elementor-element elementor-element-15dae5a elementor-section-height-min-height elementor-section-boxed elementor-section-height-default elementor-section-items-middle\" data-id=\"15dae5a\" data-element_type=\"section\">\n\t\t\t\t\t\t<div class=\"elementor-container elementor-column-gap-default\">\n\t\t\t\t\t<div class=\"elementor-column elementor-col-100 elementor-top-column elementor-element elementor-element-6ed7457\" data-id=\"6ed7457\" data-element_type=\"column\">\n\t\t\t<div class=\"elementor-column-wrap--6ed7457 elementor-widget-wrap elementor-element-populated\">\n\t\t\t\t\t\t\t\t<div class=\"elementor-element elementor-element-46f7e67 elementor-widget elementor-widget-heading\" data-id=\"46f7e67\" data-element_type=\"widget\" data-widget_type=\"heading.default\">\n\t\t\t\t<div class=\"elementor-widget-container\">\n\t\t\t<style>\/*! elementor - v3.16.0 - 20-09-2023 *\/\n.elementor-heading-title{padding:0;margin:0;line-height:1}.elementor-widget-heading .elementor-heading-title[class*=elementor-size-]>a{color:inherit;font-size:inherit;line-height:inherit}.elementor-widget-heading .elementor-heading-title.elementor-size-small{font-size:15px}.elementor-widget-heading .elementor-heading-title.elementor-size-medium{font-size:19px}.elementor-widget-heading .elementor-heading-title.elementor-size-large{font-size:29px}.elementor-widget-heading .elementor-heading-title.elementor-size-xl{font-size:39px}.elementor-widget-heading .elementor-heading-title.elementor-size-xxl{font-size:59px}<\/style><h1 class=\"elementor-heading-title elementor-size-default\">Surgeries<\/h1>\t\t<\/div>\n\t\t\t\t<\/div>\n\t\t\t\t<div class=\"elementor-element elementor-element-a4badd8 elementor-widget elementor-widget-text-editor\" data-id=\"a4badd8\" data-element_type=\"widget\" data-widget_type=\"text-editor.default\">\n\t\t\t\t<div class=\"elementor-widget-container\">\n\t\t\t<style>\/*! elementor - v3.16.0 - 20-09-2023 *\/\n.elementor-widget-text-editor.elementor-drop-cap-view-stacked .elementor-drop-cap{background-color:#69727d;color:#fff}.elementor-widget-text-editor.elementor-drop-cap-view-framed .elementor-drop-cap{color:#69727d;border:3px solid;background-color:transparent}.elementor-widget-text-editor:not(.elementor-drop-cap-view-default) .elementor-drop-cap{margin-top:8px}.elementor-widget-text-editor:not(.elementor-drop-cap-view-default) .elementor-drop-cap-letter{width:1em;height:1em}.elementor-widget-text-editor .elementor-drop-cap{float:left;text-align:center;line-height:1;font-size:50px}.elementor-widget-text-editor .elementor-drop-cap-letter{display:inline-block}<\/style>\t\t\t\t\t\t\t\t\t\t<\/div>\n\t\t\t\t<\/div>\n\t\t\t\t\t<\/div>\n\t\t<\/div>\n\t\t\t\t\t\t\t<\/div>\n\t\t<\/section>\n\t\t\t\t<section class=\"elementor-section elementor-top-section elementor-element elementor-element-612653c elementor-section-boxed elementor-section-height-default elementor-section-height-default\" data-id=\"612653c\" data-element_type=\"section\">\n\t\t\t\t\t\t<div class=\"elementor-container elementor-column-gap-default\">\n\t\t\t\t\t<div class=\"elementor-column elementor-col-100 elementor-top-column elementor-element elementor-element-d879843\" data-id=\"d879843\" data-element_type=\"column\">\n\t\t\t<div class=\"elementor-column-wrap--d879843 elementor-widget-wrap elementor-element-populated\">\n\t\t\t\t\t\t\t\t<div class=\"elementor-element elementor-element-a471113 reyEl-bPostGrid--4 elementor-align-left reyEl-bPostGrid-tablet--2 reyEl-bPostGrid-mobile--1 reyEl-bpost-thumb--natural elementor-widget elementor-widget-reycore-basic-post-grid\" data-id=\"a471113\" data-element_type=\"widget\" data-widget_type=\"reycore-basic-post-grid.default\">\n\t\t\t\t<div class=\"elementor-widget-container\">\n\t\t\t\t\t<div class=\"rey-element reyEl-bPostGrid reyEl-bPostGrid--default --masonry\">\n\t\t\t\t\t<div class=\"reyEl-bPostGrid-item\">\n\t\t\t\t<div class=\"reyEl-bPostGrid-itemInner --box-styler\">\n\t\t\t\t\t\t\t\t<div class=\"reyEl-bpost-thumb\">\n\t\t\t\t<a class=\"reyEl-bpost-thumbLink\" href=\"https:\/\/alialperbayram.com\/en\/burun-estetigi-ameliyati\/\" aria-hidden=\"true\" tabindex=\"-1\">\n\t\t\t<img loading=\"lazy\" decoding=\"async\" width=\"768\" height=\"512\" src=\"https:\/\/alialperbayram.com\/wp-content\/uploads\/2022\/06\/Burun-Ameliyati-1-768x512.jpg\" class=\"attachment-medium_large size-medium_large wp-post-image\" alt=\"\" srcset=\"https:\/\/alialperbayram.com\/wp-content\/uploads\/2022\/06\/Burun-Ameliyati-1-768x512.jpg 768w, https:\/\/alialperbayram.com\/wp-content\/uploads\/2022\/06\/Burun-Ameliyati-1-300x200.jpg 300w, https:\/\/alialperbayram.com\/wp-content\/uploads\/2022\/06\/Burun-Ameliyati-1-1024x683.jpg 1024w, https:\/\/alialperbayram.com\/wp-content\/uploads\/2022\/06\/Burun-Ameliyati-1.jpg 1200w\" sizes=\"auto, (max-width: 768px) 100vw, 768px\" \/>\t\t\t\t<\/a>\n\t\t\t<\/div>\n\t\t<h3 class=\"reyEl-bpost-title\"><a href=\"https:\/\/alialperbayram.com\/en\/burun-estetigi-ameliyati\/\" rel=\"bookmark\">Nose Aesthetic Surgery<\/a><\/h3>\n\t\t<div class=\"reyEl-bpost-content\">\n\t\t\tNOSE AESTHETIC SURGERY (RHINOPLASTY) The nose is a functionally vital, aesthetically very important part of the nose located in the middle of our face.\t\t<\/div>\n\n\t\t\t\t\t\t<\/div>\n\t\t\t<\/div>\n\t\t\t\t\t<div class=\"reyEl-bPostGrid-item\">\n\t\t\t\t<div class=\"reyEl-bPostGrid-itemInner --box-styler\">\n\t\t\t\t\t\t\t\t<div class=\"reyEl-bpost-thumb\">\n\t\t\t\t<a class=\"reyEl-bpost-thumbLink\" href=\"https:\/\/alialperbayram.com\/en\/otoplasti-kepce-kulak-ameliyati\/\" aria-hidden=\"true\" tabindex=\"-1\">\n\t\t\t<img loading=\"lazy\" decoding=\"async\" width=\"768\" height=\"512\" src=\"https:\/\/alialperbayram.com\/wp-content\/uploads\/2022\/07\/Otoplasti-768x512.jpg\" class=\"attachment-medium_large size-medium_large wp-post-image\" alt=\"\" srcset=\"https:\/\/alialperbayram.com\/wp-content\/uploads\/2022\/07\/Otoplasti-768x512.jpg 768w, https:\/\/alialperbayram.com\/wp-content\/uploads\/2022\/07\/Otoplasti-300x200.jpg 300w, https:\/\/alialperbayram.com\/wp-content\/uploads\/2022\/07\/Otoplasti-1024x683.jpg 1024w, https:\/\/alialperbayram.com\/wp-content\/uploads\/2022\/07\/Otoplasti.jpg 1200w\" sizes=\"auto, (max-width: 768px) 100vw, 768px\" \/>\t\t\t\t<\/a>\n\t\t\t<\/div>\n\t\t<h3 class=\"reyEl-bpost-title\"><a href=\"https:\/\/alialperbayram.com\/en\/otoplasti-kepce-kulak-ameliyati\/\" rel=\"bookmark\">Otoplasty (Prominent Ear Surgery)<\/a><\/h3>\n\t\t<div class=\"reyEl-bpost-content\">\n\t\t\tOtoplasty (Prominent Ear Surgery) Prominent ear, placement of the ear to the skull at a greater angle than normal, forward bending of the auricle\u2026\t\t<\/div>\n\n\t\t\t\t\t\t<\/div>\n\t\t\t<\/div>\n\t\t\t\t\t<div class=\"reyEl-bPostGrid-item\">\n\t\t\t\t<div class=\"reyEl-bPostGrid-itemInner --box-styler\">\n\t\t\t\t\t\t\t\t<div class=\"reyEl-bpost-thumb\">\n\t\t\t\t<a class=\"reyEl-bpost-thumbLink\" href=\"https:\/\/alialperbayram.com\/en\/revizyon-burun-estetigi-ameliyati%ef%bf%bc\/\" aria-hidden=\"true\" tabindex=\"-1\">\n\t\t\t<img loading=\"lazy\" decoding=\"async\" width=\"768\" height=\"512\" src=\"https:\/\/alialperbayram.com\/wp-content\/uploads\/2022\/07\/Revision-Nose-Aesthetics-768x512.jpg\" class=\"attachment-medium_large size-medium_large wp-post-image\" alt=\"\" srcset=\"https:\/\/alialperbayram.com\/wp-content\/uploads\/2022\/07\/Revision-Nose-Aesthetics-768x512.jpg 768w, https:\/\/alialperbayram.com\/wp-content\/uploads\/2022\/07\/Revision-Nose-Aesthetics-300x200.jpg 300w, https:\/\/alialperbayram.com\/wp-content\/uploads\/2022\/07\/Revision-Nose-Aesthetics-1024x683.jpg 1024w, https:\/\/alialperbayram.com\/wp-content\/uploads\/2022\/07\/Revision-Nose-Aesthetics.jpg 1200w\" sizes=\"auto, (max-width: 768px) 100vw, 768px\" \/>\t\t\t\t<\/a>\n\t\t\t<\/div>\n\t\t<h3 class=\"reyEl-bpost-title\"><a href=\"https:\/\/alialperbayram.com\/en\/revizyon-burun-estetigi-ameliyati%ef%bf%bc\/\" rel=\"bookmark\">Revision Nose Aesthetics Surgery<\/a><\/h3>\n\t\t<div class=\"reyEl-bpost-content\">\n\t\t\tRevision Nose Aesthetics Revision rhinoplasty is the reoperation of people who have had nose surgery before for various reasons. These reasons,\u2026\t\t<\/div>\n\n\t\t\t\t\t\t<\/div>\n\t\t\t<\/div>\n\t\t\t\t\t<div class=\"reyEl-bPostGrid-item\">\n\t\t\t\t<div class=\"reyEl-bPostGrid-itemInner --box-styler\">\n\t\t\t\t\t\t\t\t<div class=\"reyEl-bpost-thumb\">\n\t\t\t\t<a class=\"reyEl-bpost-thumbLink\" href=\"https:\/\/alialperbayram.com\/en\/dolgu-ve-botoks-uygulamalari\/\" aria-hidden=\"true\" tabindex=\"-1\">\n\t\t\t<img loading=\"lazy\" decoding=\"async\" width=\"768\" height=\"512\" src=\"https:\/\/alialperbayram.com\/wp-content\/uploads\/2022\/07\/Filling-and-Botox-Applications-768x512.jpg\" class=\"attachment-medium_large size-medium_large wp-post-image\" alt=\"\" srcset=\"https:\/\/alialperbayram.com\/wp-content\/uploads\/2022\/07\/Filling-and-Botox-Applications-768x512.jpg 768w, https:\/\/alialperbayram.com\/wp-content\/uploads\/2022\/07\/Filling-and-Botox-Applications-300x200.jpg 300w, https:\/\/alialperbayram.com\/wp-content\/uploads\/2022\/07\/Filling-and-Botox-Applications-1024x683.jpg 1024w, https:\/\/alialperbayram.com\/wp-content\/uploads\/2022\/07\/Filling-and-Botox-Applications.jpg 1200w\" sizes=\"auto, (max-width: 768px) 100vw, 768px\" \/>\t\t\t\t<\/a>\n\t\t\t<\/div>\n\t\t<h3 class=\"reyEl-bpost-title\"><a href=\"https:\/\/alialperbayram.com\/en\/dolgu-ve-botoks-uygulamalari\/\" rel=\"bookmark\">Filling And Botox Aplications<\/a><\/h3>\n\t\t<div class=\"reyEl-bpost-content\">\n\t\t\tFilling and Botox are two different applications that are mixed between the public. \nTheir usage patterns, areas and situations are quite different, and they can be applied as combined application.\t\t<\/div>\n\n\t\t\t\t\t\t<\/div>\n\t\t\t<\/div>\n\t\t\t\t\t<div class=\"reyEl-bPostGrid-item\">\n\t\t\t\t<div class=\"reyEl-bPostGrid-itemInner --box-styler\">\n\t\t\t\t\t\t\t\t<div class=\"reyEl-bpost-thumb\">\n\t\t\t\t<a class=\"reyEl-bpost-thumbLink\" href=\"https:\/\/alialperbayram.com\/en\/mentoplasti-cene-estetigi\/\" aria-hidden=\"true\" tabindex=\"-1\">\n\t\t\t<img loading=\"lazy\" decoding=\"async\" width=\"768\" height=\"512\" src=\"https:\/\/alialperbayram.com\/wp-content\/uploads\/2022\/07\/Mentoplasti-768x512.jpg\" class=\"attachment-medium_large size-medium_large wp-post-image\" alt=\"\" srcset=\"https:\/\/alialperbayram.com\/wp-content\/uploads\/2022\/07\/Mentoplasti-768x512.jpg 768w, https:\/\/alialperbayram.com\/wp-content\/uploads\/2022\/07\/Mentoplasti-300x200.jpg 300w, https:\/\/alialperbayram.com\/wp-content\/uploads\/2022\/07\/Mentoplasti-1024x683.jpg 1024w, https:\/\/alialperbayram.com\/wp-content\/uploads\/2022\/07\/Mentoplasti.jpg 1200w\" sizes=\"auto, (max-width: 768px) 100vw, 768px\" \/>\t\t\t\t<\/a>\n\t\t\t<\/div>\n\t\t<h3 class=\"reyEl-bpost-title\"><a href=\"https:\/\/alialperbayram.com\/en\/mentoplasti-cene-estetigi\/\" rel=\"bookmark\">Mentoplasty (Jaw Aesthetics)<\/a><\/h3>\n\t\t<div class=\"reyEl-bpost-content\">\n\t\t\tMentoplasty (Jaw Aesthetics) Patients with a back chin usually complain about the size of their nose and do not notice that their chin is back. This\u2026\t\t<\/div>\n\n\t\t\t\t\t\t<\/div>\n\t\t\t<\/div>\n\t\t\t\t\t<div class=\"reyEl-bPostGrid-item\">\n\t\t\t\t<div class=\"reyEl-bPostGrid-itemInner --box-styler\">\n\t\t\t\t\t\t\t\t<div class=\"reyEl-bpost-thumb\">\n\t\t\t\t<a class=\"reyEl-bpost-thumbLink\" href=\"https:\/\/alialperbayram.com\/en\/liplift-dudak-kaldirma%ef%bf%bc\/\" aria-hidden=\"true\" tabindex=\"-1\">\n\t\t\t<img loading=\"lazy\" decoding=\"async\" width=\"768\" height=\"512\" src=\"https:\/\/alialperbayram.com\/wp-content\/uploads\/2022\/07\/Liplifting-768x512.jpg\" class=\"attachment-medium_large size-medium_large wp-post-image\" alt=\"\" srcset=\"https:\/\/alialperbayram.com\/wp-content\/uploads\/2022\/07\/Liplifting-768x512.jpg 768w, https:\/\/alialperbayram.com\/wp-content\/uploads\/2022\/07\/Liplifting-300x200.jpg 300w, https:\/\/alialperbayram.com\/wp-content\/uploads\/2022\/07\/Liplifting-1024x683.jpg 1024w, https:\/\/alialperbayram.com\/wp-content\/uploads\/2022\/07\/Liplifting.jpg 1200w\" sizes=\"auto, (max-width: 768px) 100vw, 768px\" \/>\t\t\t\t<\/a>\n\t\t\t<\/div>\n\t\t<h3 class=\"reyEl-bpost-title\"><a href=\"https:\/\/alialperbayram.com\/en\/liplift-dudak-kaldirma%ef%bf%bc\/\" rel=\"bookmark\">Liplifting<\/a><\/h3>\n\t\t<div class=\"reyEl-bpost-content\">\n\t\t\tLiplift (lip lift) is the process of lifting the upper lip by shortening the lip-nose distance. Lip \u2013 nose distance\u2026\t\t<\/div>\n\n\t\t\t\t\t\t<\/div>\n\t\t\t<\/div>\n\t\t\t\t\t<div class=\"reyEl-bPostGrid-item\">\n\t\t\t\t<div class=\"reyEl-bPostGrid-itemInner --box-styler\">\n\t\t\t\t\t\t\t\t<div class=\"reyEl-bpost-thumb\">\n\t\t\t\t<a class=\"reyEl-bpost-thumbLink\" href=\"https:\/\/alialperbayram.com\/en\/fonksiyonel-endeskopik-sinus-cerrahisi\/\" aria-hidden=\"true\" tabindex=\"-1\">\n\t\t\t<img loading=\"lazy\" decoding=\"async\" width=\"768\" height=\"512\" src=\"https:\/\/alialperbayram.com\/wp-content\/uploads\/2022\/07\/Functional-Endoscopic-Sinus-Surgery-768x512.jpg\" class=\"attachment-medium_large size-medium_large wp-post-image\" alt=\"\" srcset=\"https:\/\/alialperbayram.com\/wp-content\/uploads\/2022\/07\/Functional-Endoscopic-Sinus-Surgery-768x512.jpg 768w, https:\/\/alialperbayram.com\/wp-content\/uploads\/2022\/07\/Functional-Endoscopic-Sinus-Surgery-300x200.jpg 300w, https:\/\/alialperbayram.com\/wp-content\/uploads\/2022\/07\/Functional-Endoscopic-Sinus-Surgery-1024x683.jpg 1024w, https:\/\/alialperbayram.com\/wp-content\/uploads\/2022\/07\/Functional-Endoscopic-Sinus-Surgery.jpg 1200w\" sizes=\"auto, (max-width: 768px) 100vw, 768px\" \/>\t\t\t\t<\/a>\n\t\t\t<\/div>\n\t\t<h3 class=\"reyEl-bpost-title\"><a href=\"https:\/\/alialperbayram.com\/en\/fonksiyonel-endeskopik-sinus-cerrahisi\/\" rel=\"bookmark\">Functional Endoscopic Sinus Surgery<\/a><\/h3>\n\t\t<div class=\"reyEl-bpost-content\">\n\t\t\tFunctional Endoscopic Sinus Surgery Sinuses are air-filled spaces on our face. After upper respiratory diseases such as flu, cold,\u2026\t\t<\/div>\n\n\t\t\t\t\t\t<\/div>\n\t\t\t<\/div>\n\t\t\t\t\t<div class=\"reyEl-bPostGrid-item\">\n\t\t\t\t<div class=\"reyEl-bPostGrid-itemInner --box-styler\">\n\t\t\t\t\t\t\t\t<div class=\"reyEl-bpost-thumb\">\n\t\t\t\t<a class=\"reyEl-bpost-thumbLink\" href=\"https:\/\/alialperbayram.com\/en\/septum-perforasyonu\/\" aria-hidden=\"true\" tabindex=\"-1\">\n\t\t\t<img loading=\"lazy\" decoding=\"async\" width=\"768\" height=\"512\" src=\"https:\/\/alialperbayram.com\/wp-content\/uploads\/2022\/07\/Septum-Perforation-768x512.jpg\" class=\"attachment-medium_large size-medium_large wp-post-image\" alt=\"\" srcset=\"https:\/\/alialperbayram.com\/wp-content\/uploads\/2022\/07\/Septum-Perforation-768x512.jpg 768w, https:\/\/alialperbayram.com\/wp-content\/uploads\/2022\/07\/Septum-Perforation-300x200.jpg 300w, https:\/\/alialperbayram.com\/wp-content\/uploads\/2022\/07\/Septum-Perforation-1024x683.jpg 1024w, https:\/\/alialperbayram.com\/wp-content\/uploads\/2022\/07\/Septum-Perforation.jpg 1200w\" sizes=\"auto, (max-width: 768px) 100vw, 768px\" \/>\t\t\t\t<\/a>\n\t\t\t<\/div>\n\t\t<h3 class=\"reyEl-bpost-title\"><a href=\"https:\/\/alialperbayram.com\/en\/septum-perforasyonu\/\" rel=\"bookmark\">Septum Perforation<\/a><\/h3>\n\t\t<div class=\"reyEl-bpost-content\">\n\t\t\tSeptum Perforation The cartilage and bone structure that divides the nostrils into two is called the septum. Holes may occur in the septum for certain reasons, this\u2026\t\t<\/div>\n\n\t\t\t\t\t\t<\/div>\n\t\t\t<\/div>\n\t\t\t\t\t<div class=\"reyEl-bPostGrid-item\">\n\t\t\t\t<div class=\"reyEl-bPostGrid-itemInner --box-styler\">\n\t\t\t\t\t\t\t\t<div class=\"reyEl-bpost-thumb\">\n\t\t\t\t<a class=\"reyEl-bpost-thumbLink\" href=\"https:\/\/alialperbayram.com\/en\/bisektomi\/\" aria-hidden=\"true\" tabindex=\"-1\">\n\t\t\t<img loading=\"lazy\" decoding=\"async\" width=\"768\" height=\"512\" src=\"https:\/\/alialperbayram.com\/wp-content\/uploads\/2022\/07\/bichectomy-768x512.jpg\" class=\"attachment-medium_large size-medium_large wp-post-image\" alt=\"\" srcset=\"https:\/\/alialperbayram.com\/wp-content\/uploads\/2022\/07\/bichectomy-768x512.jpg 768w, https:\/\/alialperbayram.com\/wp-content\/uploads\/2022\/07\/bichectomy-300x200.jpg 300w, https:\/\/alialperbayram.com\/wp-content\/uploads\/2022\/07\/bichectomy-1024x683.jpg 1024w, https:\/\/alialperbayram.com\/wp-content\/uploads\/2022\/07\/bichectomy.jpg 1200w\" sizes=\"auto, (max-width: 768px) 100vw, 768px\" \/>\t\t\t\t<\/a>\n\t\t\t<\/div>\n\t\t<h3 class=\"reyEl-bpost-title\"><a href=\"https:\/\/alialperbayram.com\/en\/bisektomi\/\" rel=\"bookmark\">Bichectomy<\/a><\/h3>\n\t\t<div class=\"reyEl-bpost-content\">\n\t\t\tBichectomy Bichectomy is an operation to remove fatty tissue from the cheek. In general, in people with a round face structure, in order to define the facial features\u2026\t\t<\/div>\n\n\t\t\t\t\t\t<\/div>\n\t\t\t<\/div>\n\t\t\t\t\t<div class=\"reyEl-bPostGrid-item\">\n\t\t\t\t<div class=\"reyEl-bPostGrid-itemInner --box-styler\">\n\t\t\t\t\t\t\t\t<div class=\"reyEl-bpost-thumb\">\n\t\t\t\t<a class=\"reyEl-bpost-thumbLink\" href=\"https:\/\/alialperbayram.com\/en\/burun-egriligi-septum-deviasyonu-ameliyati%ef%bf%bc\/\" aria-hidden=\"true\" tabindex=\"-1\">\n\t\t\t<img loading=\"lazy\" decoding=\"async\" width=\"768\" height=\"512\" src=\"https:\/\/alialperbayram.com\/wp-content\/uploads\/2022\/06\/Burun-Eg\u0306rilig\u0306i-768x512.jpg\" class=\"attachment-medium_large size-medium_large wp-post-image\" alt=\"\" srcset=\"https:\/\/alialperbayram.com\/wp-content\/uploads\/2022\/06\/Burun-Eg\u0306rilig\u0306i-768x512.jpg 768w, https:\/\/alialperbayram.com\/wp-content\/uploads\/2022\/06\/Burun-Eg\u0306rilig\u0306i-300x200.jpg 300w, https:\/\/alialperbayram.com\/wp-content\/uploads\/2022\/06\/Burun-Eg\u0306rilig\u0306i-1024x683.jpg 1024w, https:\/\/alialperbayram.com\/wp-content\/uploads\/2022\/06\/Burun-Eg\u0306rilig\u0306i.jpg 1200w\" sizes=\"auto, (max-width: 768px) 100vw, 768px\" \/>\t\t\t\t<\/a>\n\t\t\t<\/div>\n\t\t<h3 class=\"reyEl-bpost-title\"><a href=\"https:\/\/alialperbayram.com\/en\/burun-egriligi-septum-deviasyonu-ameliyati%ef%bf%bc\/\" rel=\"bookmark\">Nose Curvature  (Septum Deviation) Surgery<\/a><\/h3>\n\t\t<div class=\"reyEl-bpost-content\">\n\t\t\tThe partition that divides the nostril into two and extends into the nose, consisting of cartilage and bone fragments\u2026\t\t<\/div>\n\n\t\t\t\t\t\t<\/div>\n\t\t\t<\/div>\n\t\t<\/div>\t\t<\/div>\n\t\t\t\t<\/div>\n\t\t\t\t\t<\/div>\n\t\t<\/div>\n\t\t\t\t\t\t\t<\/div>\n\t\t<\/section>\n\t\t\t\t\t\t\t<\/div>","protected":false},"excerpt":{"rendered":"<p>Ameliyatlar Otoplasti (Kep\u00e7e Kulak Ameliyat\u0131) Otoplasti (Kep\u00e7e Kulak Ameliyat\u0131) Kep\u00e7e kulak, kula\u011f\u0131n kafatas\u0131na normale g\u00f6re daha fazla a\u00e7\u0131yla yerle\u015fmesi, kulak kep\u00e7esinin \u00f6ne do\u011fru k\u0131vr\u0131lmas\u0131&hellip; Burun E\u011frili\u011fi (Septum Deviasyonu) Ameliyat\u0131 BURUN E\u011eR\u0130L\u0130\u011e\u0130 (SEPTUM DEV\u0130ASYONU) AMEL\u0130YATI Burun deli\u011fini ortadan ikiye ay\u0131ran, burnun i\u00e7ine uzanan k\u0131k\u0131rdak ve kemik par\u00e7adan olu\u015fan b\u00f6lmeye&hellip; Dolgu ve Botoks Uygulamalar\u0131 Dolgu Ve Botoks [&hellip;]<\/p>","protected":false},"author":1,"featured_media":0,"parent":0,"menu_order":0,"comment_status":"closed","ping_status":"closed","template":"template-builder.php","meta":{"footnotes":""},"class_list":["post-599","page","type-page","status-publish","hentry"],"acf":[],"_links":{"self":[{"href":"https:\/\/alialperbayram.com\/en\/wp-json\/wp\/v2\/pages\/599","targetHints":{"allow":["GET"]}}],"collection":[{"href":"https:\/\/alialperbayram.com\/en\/wp-json\/wp\/v2\/pages"}],"about":[{"href":"https:\/\/alialperbayram.com\/en\/wp-json\/wp\/v2\/types\/page"}],"author":[{"embeddable":true,"href":"https:\/\/alialperbayram.com\/en\/wp-json\/wp\/v2\/users\/1"}],"replies":[{"embeddable":true,"href":"https:\/\/alialperbayram.com\/en\/wp-json\/wp\/v2\/comments?post=599"}],"version-history":[{"count":11,"href":"https:\/\/alialperbayram.com\/en\/wp-json\/wp\/v2\/pages\/599\/revisions"}],"predecessor-version":[{"id":1271,"href":"https:\/\/alialperbayram.com\/en\/wp-json\/wp\/v2\/pages\/599\/revisions\/1271"}],"wp:attachment":[{"href":"https:\/\/alialperbayram.com\/en\/wp-json\/wp\/v2\/media?parent=599"}],"curies":[{"name":"wp","href":"https:\/\/api.w.org\/{rel}","templated":true}]}}